{"id":3195,"date":"2025-02-06T23:30:43","date_gmt":"2025-02-06T23:30:43","guid":{"rendered":"https:\/\/reavid.es\/?post_type=product&#038;p=3195"},"modified":"2025-02-19T09:31:55","modified_gmt":"2025-02-19T09:31:55","slug":"i5-pantalla-7","status":"publish","type":"product","link":"https:\/\/reavid.es\/index.php\/producto\/i5-pantalla-7\/","title":{"rendered":"I5 pantalla 7\u201d"},"content":{"rendered":"<p>El i5 es un DEA semiautom\u00e1tico con locuciones en 3 idiomas, ligero, compacto y f\u00e1cil de usar. Est\u00e1 equipado con una pantalla HD LCD a color de gran tama\u00f1o, que muestra tanto las instrucciones de uso como el ECG del paciente o el n\u00famero de descargas realizadas. Ofrece descargas de onda bif\u00e1sica de \u00faltima generaci\u00f3n, ajustadas autom\u00e1ticamente a la impedancia del paciente para aumentar el \u00edndice de supervivencia. Incluye electrodos universales, que sirven tanto para pacientes adultos como pedi\u00e1tricos, bater\u00eda de larga duraci\u00f3n, y autochequeos diarios, que facilitan un mantenimiento sencillo y econ\u00f3mico.<\/p>\n","protected":false},"excerpt":{"rendered":"<p>El i5 es un DEA semiautom\u00e1tico con locuciones en 3 idiomas, ligero, compacto y f\u00e1cil de usar. Est\u00e1 equipado con una pantalla HD LCD a color de gran tama\u00f1o, que muestra tanto las instrucciones de uso como el ECG del paciente o el n\u00famero de descargas realizadas. Ofrece descargas de onda bif\u00e1sica de \u00faltima generaci\u00f3n, ajustadas autom\u00e1ticamente a la impedancia del paciente para aumentar el \u00edndice de supervivencia. Incluye electrodos universales, que sirven tanto para pacientes adultos como pedi\u00e1tricos, bater\u00eda de larga duraci\u00f3n, y autochequeos diarios, que facilitan un mantenimiento sencillo y econ\u00f3mico.<\/p>\n","protected":false},"featured_media":3192,"comment_status":"closed","ping_status":"closed","template":"","meta":{"_acf_changed":false},"product_brand":[],"product_cat":[49],"product_tag":[],"class_list":{"0":"post-3195","1":"product","2":"type-product","3":"status-publish","4":"has-post-thumbnail","6":"product_cat-desfibriladores","8":"first","9":"instock","10":"shipping-taxable","11":"purchasable","12":"product-type-simple"},"acf":[],"yoast_head":"<!-- This site is optimized with the Yoast SEO plugin v24.0 - https:\/\/yoast.com\/wordpress\/plugins\/seo\/ -->\n<title>I5 pantalla 7\u201d - REAVID<\/title>\n<meta name=\"robots\" content=\"index, follow, max-snippet:-1, max-image-preview:large, max-video-preview:-1\" \/>\n<link rel=\"canonical\" href=\"https:\/\/reavid.es\/index.php\/producto\/i5-pantalla-7\/\" \/>\n<meta property=\"og:locale\" content=\"es_ES\" \/>\n<meta property=\"og:type\" content=\"article\" \/>\n<meta property=\"og:title\" content=\"I5 pantalla 7\u201d - REAVID\" \/>\n<meta property=\"og:description\" content=\"El i5 es un DEA semiautom\u00e1tico con locuciones en 3 idiomas, ligero, compacto y f\u00e1cil de usar. Est\u00e1 equipado con una pantalla HD LCD a color de gran tama\u00f1o, que muestra tanto las instrucciones de uso como el ECG del paciente o el n\u00famero de descargas realizadas. Ofrece descargas de onda bif\u00e1sica de \u00faltima generaci\u00f3n, ajustadas autom\u00e1ticamente a la impedancia del paciente para aumentar el \u00edndice de supervivencia. Incluye electrodos universales, que sirven tanto para pacientes adultos como pedi\u00e1tricos, bater\u00eda de larga duraci\u00f3n, y autochequeos diarios, que facilitan un mantenimiento sencillo y econ\u00f3mico.\" \/>\n<meta property=\"og:url\" content=\"https:\/\/reavid.es\/index.php\/producto\/i5-pantalla-7\/\" \/>\n<meta property=\"og:site_name\" content=\"REAVID\" \/>\n<meta property=\"article:modified_time\" content=\"2025-02-19T09:31:55+00:00\" \/>\n<meta property=\"og:image\" content=\"https:\/\/reavid.es\/wp-content\/uploads\/2025\/02\/desfibrilador-i5-con-pantalla-7-no-listar.webp\" \/>\n\t<meta property=\"og:image:width\" content=\"1000\" \/>\n\t<meta property=\"og:image:height\" content=\"1300\" \/>\n\t<meta property=\"og:image:type\" content=\"image\/webp\" \/>\n<meta name=\"twitter:card\" content=\"summary_large_image\" \/>\n<meta name=\"twitter:label1\" content=\"Tiempo de lectura\" \/>\n\t<meta name=\"twitter:data1\" content=\"1 minuto\" \/>\n<script type=\"application\/ld+json\" class=\"yoast-schema-graph\">{\"@context\":\"https:\/\/schema.org\",\"@graph\":[{\"@type\":\"WebPage\",\"@id\":\"https:\/\/reavid.es\/index.php\/producto\/i5-pantalla-7\/\",\"url\":\"https:\/\/reavid.es\/index.php\/producto\/i5-pantalla-7\/\",\"name\":\"I5 pantalla 7\u201d - REAVID\",\"isPartOf\":{\"@id\":\"https:\/\/reavid.es\/#website\"},\"primaryImageOfPage\":{\"@id\":\"https:\/\/reavid.es\/index.php\/producto\/i5-pantalla-7\/#primaryimage\"},\"image\":{\"@id\":\"https:\/\/reavid.es\/index.php\/producto\/i5-pantalla-7\/#primaryimage\"},\"thumbnailUrl\":\"https:\/\/reavid.es\/wp-content\/uploads\/2025\/02\/desfibrilador-i5-con-pantalla-7-no-listar.webp\",\"datePublished\":\"2025-02-06T23:30:43+00:00\",\"dateModified\":\"2025-02-19T09:31:55+00:00\",\"breadcrumb\":{\"@id\":\"https:\/\/reavid.es\/index.php\/producto\/i5-pantalla-7\/#breadcrumb\"},\"inLanguage\":\"es\",\"potentialAction\":[{\"@type\":\"ReadAction\",\"target\":[\"https:\/\/reavid.es\/index.php\/producto\/i5-pantalla-7\/\"]}]},{\"@type\":\"ImageObject\",\"inLanguage\":\"es\",\"@id\":\"https:\/\/reavid.es\/index.php\/producto\/i5-pantalla-7\/#primaryimage\",\"url\":\"https:\/\/reavid.es\/wp-content\/uploads\/2025\/02\/desfibrilador-i5-con-pantalla-7-no-listar.webp\",\"contentUrl\":\"https:\/\/reavid.es\/wp-content\/uploads\/2025\/02\/desfibrilador-i5-con-pantalla-7-no-listar.webp\",\"width\":1000,\"height\":1300},{\"@type\":\"BreadcrumbList\",\"@id\":\"https:\/\/reavid.es\/index.php\/producto\/i5-pantalla-7\/#breadcrumb\",\"itemListElement\":[{\"@type\":\"ListItem\",\"position\":1,\"name\":\"Portada\",\"item\":\"https:\/\/reavid.es\/\"},{\"@type\":\"ListItem\",\"position\":2,\"name\":\"TIENDA\",\"item\":\"https:\/\/reavid.es\/index.php\/shop-wooshop-v1\/\"},{\"@type\":\"ListItem\",\"position\":3,\"name\":\"I5 pantalla 7\u201d\"}]},{\"@type\":\"WebSite\",\"@id\":\"https:\/\/reavid.es\/#website\",\"url\":\"https:\/\/reavid.es\/\",\"name\":\"REAVID\",\"description\":\"\",\"publisher\":{\"@id\":\"https:\/\/reavid.es\/#organization\"},\"potentialAction\":[{\"@type\":\"SearchAction\",\"target\":{\"@type\":\"EntryPoint\",\"urlTemplate\":\"https:\/\/reavid.es\/?s={search_term_string}\"},\"query-input\":{\"@type\":\"PropertyValueSpecification\",\"valueRequired\":true,\"valueName\":\"search_term_string\"}}],\"inLanguage\":\"es\"},{\"@type\":\"Organization\",\"@id\":\"https:\/\/reavid.es\/#organization\",\"name\":\"REAVID\",\"url\":\"https:\/\/reavid.es\/\",\"logo\":{\"@type\":\"ImageObject\",\"inLanguage\":\"es\",\"@id\":\"https:\/\/reavid.es\/#\/schema\/logo\/image\/\",\"url\":\"https:\/\/reavid.es\/wp-content\/uploads\/2022\/06\/cropped-logoReavidHeader.png\",\"contentUrl\":\"https:\/\/reavid.es\/wp-content\/uploads\/2022\/06\/cropped-logoReavidHeader.png\",\"width\":450,\"height\":162,\"caption\":\"REAVID\"},\"image\":{\"@id\":\"https:\/\/reavid.es\/#\/schema\/logo\/image\/\"}}]}<\/script>\n<!-- \/ Yoast SEO plugin. -->","yoast_head_json":{"title":"I5 pantalla 7\u201d - REAVID","robots":{"index":"index","follow":"follow","max-snippet":"max-snippet:-1","max-image-preview":"max-image-preview:large","max-video-preview":"max-video-preview:-1"},"canonical":"https:\/\/reavid.es\/index.php\/producto\/i5-pantalla-7\/","og_locale":"es_ES","og_type":"article","og_title":"I5 pantalla 7\u201d - REAVID","og_description":"El i5 es un DEA semiautom\u00e1tico con locuciones en 3 idiomas, ligero, compacto y f\u00e1cil de usar. Est\u00e1 equipado con una pantalla HD LCD a color de gran tama\u00f1o, que muestra tanto las instrucciones de uso como el ECG del paciente o el n\u00famero de descargas realizadas. Ofrece descargas de onda bif\u00e1sica de \u00faltima generaci\u00f3n, ajustadas autom\u00e1ticamente a la impedancia del paciente para aumentar el \u00edndice de supervivencia. Incluye electrodos universales, que sirven tanto para pacientes adultos como pedi\u00e1tricos, bater\u00eda de larga duraci\u00f3n, y autochequeos diarios, que facilitan un mantenimiento sencillo y econ\u00f3mico.","og_url":"https:\/\/reavid.es\/index.php\/producto\/i5-pantalla-7\/","og_site_name":"REAVID","article_modified_time":"2025-02-19T09:31:55+00:00","og_image":[{"width":1000,"height":1300,"url":"https:\/\/reavid.es\/wp-content\/uploads\/2025\/02\/desfibrilador-i5-con-pantalla-7-no-listar.webp","type":"image\/webp"}],"twitter_card":"summary_large_image","twitter_misc":{"Tiempo de lectura":"1 minuto"},"schema":{"@context":"https:\/\/schema.org","@graph":[{"@type":"WebPage","@id":"https:\/\/reavid.es\/index.php\/producto\/i5-pantalla-7\/","url":"https:\/\/reavid.es\/index.php\/producto\/i5-pantalla-7\/","name":"I5 pantalla 7\u201d - REAVID","isPartOf":{"@id":"https:\/\/reavid.es\/#website"},"primaryImageOfPage":{"@id":"https:\/\/reavid.es\/index.php\/producto\/i5-pantalla-7\/#primaryimage"},"image":{"@id":"https:\/\/reavid.es\/index.php\/producto\/i5-pantalla-7\/#primaryimage"},"thumbnailUrl":"https:\/\/reavid.es\/wp-content\/uploads\/2025\/02\/desfibrilador-i5-con-pantalla-7-no-listar.webp","datePublished":"2025-02-06T23:30:43+00:00","dateModified":"2025-02-19T09:31:55+00:00","breadcrumb":{"@id":"https:\/\/reavid.es\/index.php\/producto\/i5-pantalla-7\/#breadcrumb"},"inLanguage":"es","potentialAction":[{"@type":"ReadAction","target":["https:\/\/reavid.es\/index.php\/producto\/i5-pantalla-7\/"]}]},{"@type":"ImageObject","inLanguage":"es","@id":"https:\/\/reavid.es\/index.php\/producto\/i5-pantalla-7\/#primaryimage","url":"https:\/\/reavid.es\/wp-content\/uploads\/2025\/02\/desfibrilador-i5-con-pantalla-7-no-listar.webp","contentUrl":"https:\/\/reavid.es\/wp-content\/uploads\/2025\/02\/desfibrilador-i5-con-pantalla-7-no-listar.webp","width":1000,"height":1300},{"@type":"BreadcrumbList","@id":"https:\/\/reavid.es\/index.php\/producto\/i5-pantalla-7\/#breadcrumb","itemListElement":[{"@type":"ListItem","position":1,"name":"Portada","item":"https:\/\/reavid.es\/"},{"@type":"ListItem","position":2,"name":"TIENDA","item":"https:\/\/reavid.es\/index.php\/shop-wooshop-v1\/"},{"@type":"ListItem","position":3,"name":"I5 pantalla 7\u201d"}]},{"@type":"WebSite","@id":"https:\/\/reavid.es\/#website","url":"https:\/\/reavid.es\/","name":"REAVID","description":"","publisher":{"@id":"https:\/\/reavid.es\/#organization"},"potentialAction":[{"@type":"SearchAction","target":{"@type":"EntryPoint","urlTemplate":"https:\/\/reavid.es\/?s={search_term_string}"},"query-input":{"@type":"PropertyValueSpecification","valueRequired":true,"valueName":"search_term_string"}}],"inLanguage":"es"},{"@type":"Organization","@id":"https:\/\/reavid.es\/#organization","name":"REAVID","url":"https:\/\/reavid.es\/","logo":{"@type":"ImageObject","inLanguage":"es","@id":"https:\/\/reavid.es\/#\/schema\/logo\/image\/","url":"https:\/\/reavid.es\/wp-content\/uploads\/2022\/06\/cropped-logoReavidHeader.png","contentUrl":"https:\/\/reavid.es\/wp-content\/uploads\/2022\/06\/cropped-logoReavidHeader.png","width":450,"height":162,"caption":"REAVID"},"image":{"@id":"https:\/\/reavid.es\/#\/schema\/logo\/image\/"}}]}},"jetpack_sharing_enabled":true,"_links":{"self":[{"href":"https:\/\/reavid.es\/index.php\/wp-json\/wp\/v2\/product\/3195","targetHints":{"allow":["GET"]}}],"collection":[{"href":"https:\/\/reavid.es\/index.php\/wp-json\/wp\/v2\/product"}],"about":[{"href":"https:\/\/reavid.es\/index.php\/wp-json\/wp\/v2\/types\/product"}],"replies":[{"embeddable":true,"href":"https:\/\/reavid.es\/index.php\/wp-json\/wp\/v2\/comments?post=3195"}],"wp:featuredmedia":[{"embeddable":true,"href":"https:\/\/reavid.es\/index.php\/wp-json\/wp\/v2\/media\/3192"}],"wp:attachment":[{"href":"https:\/\/reavid.es\/index.php\/wp-json\/wp\/v2\/media?parent=3195"}],"wp:term":[{"taxonomy":"product_brand","embeddable":true,"href":"https:\/\/reavid.es\/index.php\/wp-json\/wp\/v2\/product_brand?post=3195"},{"taxonomy":"product_cat","embeddable":true,"href":"https:\/\/reavid.es\/index.php\/wp-json\/wp\/v2\/product_cat?post=3195"},{"taxonomy":"product_tag","embeddable":true,"href":"https:\/\/reavid.es\/index.php\/wp-json\/wp\/v2\/product_tag?post=3195"}],"curies":[{"name":"wp","href":"https:\/\/api.w.org\/{rel}","templated":true}]}}