{"id":3146,"date":"2025-02-06T21:36:24","date_gmt":"2025-02-06T21:36:24","guid":{"rendered":"https:\/\/reavid.es\/?post_type=product&#038;p=3146"},"modified":"2026-01-04T16:09:26","modified_gmt":"2026-01-04T16:09:26","slug":"curso-svb-y-dea","status":"publish","type":"product","link":"https:\/\/reavid.es\/index.php\/producto\/curso-svb-y-dea\/","title":{"rendered":"Curso SVB y DEA"},"content":{"rendered":"<p>El Soporte Vital B\u00e1sico (SVB) es un conjunto de t\u00e9cnicas sencillas que pueden ser aplicadas por cualquier persona para ayudar a mantener con vida a una persona en situaci\u00f3n de emergencia, como un paro card\u00edaco o atragantamiento, hasta que llegue la ayuda m\u00e9dica profesional. Estas t\u00e9cnicas incluyen la reanimaci\u00f3n cardiopulmonar (RCP) y la desobstrucci\u00f3n de la v\u00eda a\u00e9rea. El Desfibrilador (DEA\/DESA) es un dispositivo electr\u00f3nico port\u00e1til que analiza el ritmo card\u00edaco de una persona y, si es necesario, administra una descarga el\u00e9ctrica para restablecer el ritmo normal del coraz\u00f3n.<\/p>\n","protected":false},"excerpt":{"rendered":"<p>El Soporte Vital B\u00e1sico (SVB) es un conjunto de t\u00e9cnicas sencillas que pueden ser aplicadas por cualquier persona para ayudar a mantener con vida a una persona en situaci\u00f3n de emergencia, como un paro card\u00edaco o atragantamiento, hasta que llegue la ayuda m\u00e9dica profesional. Estas t\u00e9cnicas incluyen la reanimaci\u00f3n cardiopulmonar (RCP) y la desobstrucci\u00f3n de la v\u00eda a\u00e9rea. El Desfibrilador (DEA\/DESA) es un dispositivo electr\u00f3nico port\u00e1til que analiza el ritmo card\u00edaco de una persona y, si es necesario, administra una descarga el\u00e9ctrica para restablecer el ritmo normal del coraz\u00f3n.<\/p>\n","protected":false},"featured_media":3556,"comment_status":"closed","ping_status":"closed","template":"","meta":{"_acf_changed":false},"product_brand":[],"product_cat":[48],"product_tag":[],"class_list":{"0":"post-3146","1":"product","2":"type-product","3":"status-publish","4":"has-post-thumbnail","6":"product_cat-cursos","8":"first","9":"instock","10":"virtual","11":"purchasable","12":"product-type-simple"},"acf":[],"yoast_head":"<!-- This site is optimized with the Yoast SEO plugin v24.0 - https:\/\/yoast.com\/wordpress\/plugins\/seo\/ -->\n<title>Curso SVB y DEA - REAVID<\/title>\n<meta name=\"robots\" content=\"index, follow, max-snippet:-1, max-image-preview:large, max-video-preview:-1\" \/>\n<link rel=\"canonical\" href=\"https:\/\/reavid.es\/index.php\/producto\/curso-svb-y-dea\/\" \/>\n<meta property=\"og:locale\" content=\"es_ES\" \/>\n<meta property=\"og:type\" content=\"article\" \/>\n<meta property=\"og:title\" content=\"Curso SVB y DEA - REAVID\" \/>\n<meta property=\"og:description\" content=\"El Soporte Vital B\u00e1sico (SVB) es un conjunto de t\u00e9cnicas sencillas que pueden ser aplicadas por cualquier persona para ayudar a mantener con vida a una persona en situaci\u00f3n de emergencia, como un paro card\u00edaco o atragantamiento, hasta que llegue la ayuda m\u00e9dica profesional. Estas t\u00e9cnicas incluyen la reanimaci\u00f3n cardiopulmonar (RCP) y la desobstrucci\u00f3n de la v\u00eda a\u00e9rea. El Desfibrilador (DEA\/DESA) es un dispositivo electr\u00f3nico port\u00e1til que analiza el ritmo card\u00edaco de una persona y, si es necesario, administra una descarga el\u00e9ctrica para restablecer el ritmo normal del coraz\u00f3n.\" \/>\n<meta property=\"og:url\" content=\"https:\/\/reavid.es\/index.php\/producto\/curso-svb-y-dea\/\" \/>\n<meta property=\"og:site_name\" content=\"REAVID\" \/>\n<meta property=\"article:modified_time\" content=\"2026-01-04T16:09:26+00:00\" \/>\n<meta property=\"og:image\" content=\"https:\/\/reavid.es\/wp-content\/uploads\/2025\/02\/Curso-SVB-y-DEA-1_1.webp\" \/>\n\t<meta property=\"og:image:width\" content=\"1000\" \/>\n\t<meta property=\"og:image:height\" content=\"1300\" \/>\n\t<meta property=\"og:image:type\" content=\"image\/webp\" \/>\n<meta name=\"twitter:card\" content=\"summary_large_image\" \/>\n<meta name=\"twitter:label1\" content=\"Tiempo de lectura\" \/>\n\t<meta name=\"twitter:data1\" content=\"1 minuto\" \/>\n<script type=\"application\/ld+json\" class=\"yoast-schema-graph\">{\"@context\":\"https:\/\/schema.org\",\"@graph\":[{\"@type\":\"WebPage\",\"@id\":\"https:\/\/reavid.es\/index.php\/producto\/curso-svb-y-dea\/\",\"url\":\"https:\/\/reavid.es\/index.php\/producto\/curso-svb-y-dea\/\",\"name\":\"Curso SVB y DEA - REAVID\",\"isPartOf\":{\"@id\":\"https:\/\/reavid.es\/#website\"},\"primaryImageOfPage\":{\"@id\":\"https:\/\/reavid.es\/index.php\/producto\/curso-svb-y-dea\/#primaryimage\"},\"image\":{\"@id\":\"https:\/\/reavid.es\/index.php\/producto\/curso-svb-y-dea\/#primaryimage\"},\"thumbnailUrl\":\"https:\/\/reavid.es\/wp-content\/uploads\/2025\/02\/Curso-SVB-y-DEA-1_1.webp\",\"datePublished\":\"2025-02-06T21:36:24+00:00\",\"dateModified\":\"2026-01-04T16:09:26+00:00\",\"breadcrumb\":{\"@id\":\"https:\/\/reavid.es\/index.php\/producto\/curso-svb-y-dea\/#breadcrumb\"},\"inLanguage\":\"es\",\"potentialAction\":[{\"@type\":\"ReadAction\",\"target\":[\"https:\/\/reavid.es\/index.php\/producto\/curso-svb-y-dea\/\"]}]},{\"@type\":\"ImageObject\",\"inLanguage\":\"es\",\"@id\":\"https:\/\/reavid.es\/index.php\/producto\/curso-svb-y-dea\/#primaryimage\",\"url\":\"https:\/\/reavid.es\/wp-content\/uploads\/2025\/02\/Curso-SVB-y-DEA-1_1.webp\",\"contentUrl\":\"https:\/\/reavid.es\/wp-content\/uploads\/2025\/02\/Curso-SVB-y-DEA-1_1.webp\",\"width\":1000,\"height\":1300},{\"@type\":\"BreadcrumbList\",\"@id\":\"https:\/\/reavid.es\/index.php\/producto\/curso-svb-y-dea\/#breadcrumb\",\"itemListElement\":[{\"@type\":\"ListItem\",\"position\":1,\"name\":\"Portada\",\"item\":\"https:\/\/reavid.es\/\"},{\"@type\":\"ListItem\",\"position\":2,\"name\":\"TIENDA\",\"item\":\"https:\/\/reavid.es\/index.php\/shop-wooshop-v1\/\"},{\"@type\":\"ListItem\",\"position\":3,\"name\":\"Curso SVB y DEA\"}]},{\"@type\":\"WebSite\",\"@id\":\"https:\/\/reavid.es\/#website\",\"url\":\"https:\/\/reavid.es\/\",\"name\":\"REAVID\",\"description\":\"\",\"publisher\":{\"@id\":\"https:\/\/reavid.es\/#organization\"},\"potentialAction\":[{\"@type\":\"SearchAction\",\"target\":{\"@type\":\"EntryPoint\",\"urlTemplate\":\"https:\/\/reavid.es\/?s={search_term_string}\"},\"query-input\":{\"@type\":\"PropertyValueSpecification\",\"valueRequired\":true,\"valueName\":\"search_term_string\"}}],\"inLanguage\":\"es\"},{\"@type\":\"Organization\",\"@id\":\"https:\/\/reavid.es\/#organization\",\"name\":\"REAVID\",\"url\":\"https:\/\/reavid.es\/\",\"logo\":{\"@type\":\"ImageObject\",\"inLanguage\":\"es\",\"@id\":\"https:\/\/reavid.es\/#\/schema\/logo\/image\/\",\"url\":\"https:\/\/reavid.es\/wp-content\/uploads\/2022\/06\/cropped-logoReavidHeader.png\",\"contentUrl\":\"https:\/\/reavid.es\/wp-content\/uploads\/2022\/06\/cropped-logoReavidHeader.png\",\"width\":450,\"height\":162,\"caption\":\"REAVID\"},\"image\":{\"@id\":\"https:\/\/reavid.es\/#\/schema\/logo\/image\/\"}}]}<\/script>\n<!-- \/ Yoast SEO plugin. -->","yoast_head_json":{"title":"Curso SVB y DEA - REAVID","robots":{"index":"index","follow":"follow","max-snippet":"max-snippet:-1","max-image-preview":"max-image-preview:large","max-video-preview":"max-video-preview:-1"},"canonical":"https:\/\/reavid.es\/index.php\/producto\/curso-svb-y-dea\/","og_locale":"es_ES","og_type":"article","og_title":"Curso SVB y DEA - REAVID","og_description":"El Soporte Vital B\u00e1sico (SVB) es un conjunto de t\u00e9cnicas sencillas que pueden ser aplicadas por cualquier persona para ayudar a mantener con vida a una persona en situaci\u00f3n de emergencia, como un paro card\u00edaco o atragantamiento, hasta que llegue la ayuda m\u00e9dica profesional. Estas t\u00e9cnicas incluyen la reanimaci\u00f3n cardiopulmonar (RCP) y la desobstrucci\u00f3n de la v\u00eda a\u00e9rea. El Desfibrilador (DEA\/DESA) es un dispositivo electr\u00f3nico port\u00e1til que analiza el ritmo card\u00edaco de una persona y, si es necesario, administra una descarga el\u00e9ctrica para restablecer el ritmo normal del coraz\u00f3n.","og_url":"https:\/\/reavid.es\/index.php\/producto\/curso-svb-y-dea\/","og_site_name":"REAVID","article_modified_time":"2026-01-04T16:09:26+00:00","og_image":[{"width":1000,"height":1300,"url":"https:\/\/reavid.es\/wp-content\/uploads\/2025\/02\/Curso-SVB-y-DEA-1_1.webp","type":"image\/webp"}],"twitter_card":"summary_large_image","twitter_misc":{"Tiempo de lectura":"1 minuto"},"schema":{"@context":"https:\/\/schema.org","@graph":[{"@type":"WebPage","@id":"https:\/\/reavid.es\/index.php\/producto\/curso-svb-y-dea\/","url":"https:\/\/reavid.es\/index.php\/producto\/curso-svb-y-dea\/","name":"Curso SVB y DEA - REAVID","isPartOf":{"@id":"https:\/\/reavid.es\/#website"},"primaryImageOfPage":{"@id":"https:\/\/reavid.es\/index.php\/producto\/curso-svb-y-dea\/#primaryimage"},"image":{"@id":"https:\/\/reavid.es\/index.php\/producto\/curso-svb-y-dea\/#primaryimage"},"thumbnailUrl":"https:\/\/reavid.es\/wp-content\/uploads\/2025\/02\/Curso-SVB-y-DEA-1_1.webp","datePublished":"2025-02-06T21:36:24+00:00","dateModified":"2026-01-04T16:09:26+00:00","breadcrumb":{"@id":"https:\/\/reavid.es\/index.php\/producto\/curso-svb-y-dea\/#breadcrumb"},"inLanguage":"es","potentialAction":[{"@type":"ReadAction","target":["https:\/\/reavid.es\/index.php\/producto\/curso-svb-y-dea\/"]}]},{"@type":"ImageObject","inLanguage":"es","@id":"https:\/\/reavid.es\/index.php\/producto\/curso-svb-y-dea\/#primaryimage","url":"https:\/\/reavid.es\/wp-content\/uploads\/2025\/02\/Curso-SVB-y-DEA-1_1.webp","contentUrl":"https:\/\/reavid.es\/wp-content\/uploads\/2025\/02\/Curso-SVB-y-DEA-1_1.webp","width":1000,"height":1300},{"@type":"BreadcrumbList","@id":"https:\/\/reavid.es\/index.php\/producto\/curso-svb-y-dea\/#breadcrumb","itemListElement":[{"@type":"ListItem","position":1,"name":"Portada","item":"https:\/\/reavid.es\/"},{"@type":"ListItem","position":2,"name":"TIENDA","item":"https:\/\/reavid.es\/index.php\/shop-wooshop-v1\/"},{"@type":"ListItem","position":3,"name":"Curso SVB y DEA"}]},{"@type":"WebSite","@id":"https:\/\/reavid.es\/#website","url":"https:\/\/reavid.es\/","name":"REAVID","description":"","publisher":{"@id":"https:\/\/reavid.es\/#organization"},"potentialAction":[{"@type":"SearchAction","target":{"@type":"EntryPoint","urlTemplate":"https:\/\/reavid.es\/?s={search_term_string}"},"query-input":{"@type":"PropertyValueSpecification","valueRequired":true,"valueName":"search_term_string"}}],"inLanguage":"es"},{"@type":"Organization","@id":"https:\/\/reavid.es\/#organization","name":"REAVID","url":"https:\/\/reavid.es\/","logo":{"@type":"ImageObject","inLanguage":"es","@id":"https:\/\/reavid.es\/#\/schema\/logo\/image\/","url":"https:\/\/reavid.es\/wp-content\/uploads\/2022\/06\/cropped-logoReavidHeader.png","contentUrl":"https:\/\/reavid.es\/wp-content\/uploads\/2022\/06\/cropped-logoReavidHeader.png","width":450,"height":162,"caption":"REAVID"},"image":{"@id":"https:\/\/reavid.es\/#\/schema\/logo\/image\/"}}]}},"jetpack_sharing_enabled":true,"_links":{"self":[{"href":"https:\/\/reavid.es\/index.php\/wp-json\/wp\/v2\/product\/3146","targetHints":{"allow":["GET"]}}],"collection":[{"href":"https:\/\/reavid.es\/index.php\/wp-json\/wp\/v2\/product"}],"about":[{"href":"https:\/\/reavid.es\/index.php\/wp-json\/wp\/v2\/types\/product"}],"replies":[{"embeddable":true,"href":"https:\/\/reavid.es\/index.php\/wp-json\/wp\/v2\/comments?post=3146"}],"wp:featuredmedia":[{"embeddable":true,"href":"https:\/\/reavid.es\/index.php\/wp-json\/wp\/v2\/media\/3556"}],"wp:attachment":[{"href":"https:\/\/reavid.es\/index.php\/wp-json\/wp\/v2\/media?parent=3146"}],"wp:term":[{"taxonomy":"product_brand","embeddable":true,"href":"https:\/\/reavid.es\/index.php\/wp-json\/wp\/v2\/product_brand?post=3146"},{"taxonomy":"product_cat","embeddable":true,"href":"https:\/\/reavid.es\/index.php\/wp-json\/wp\/v2\/product_cat?post=3146"},{"taxonomy":"product_tag","embeddable":true,"href":"https:\/\/reavid.es\/index.php\/wp-json\/wp\/v2\/product_tag?post=3146"}],"curies":[{"name":"wp","href":"https:\/\/api.w.org\/{rel}","templated":true}]}}