{"id":3393,"date":"2025-02-19T22:45:28","date_gmt":"2025-02-19T22:45:28","guid":{"rendered":"https:\/\/reavid.es\/?page_id=3393"},"modified":"2025-02-22T02:45:37","modified_gmt":"2025-02-22T02:45:37","slug":"politicas-de-cookies","status":"publish","type":"page","link":"https:\/\/reavid.es\/index.php\/politicas-de-cookies\/","title":{"rendered":"POLITICAS DE COOKIES"},"content":{"rendered":"\t\t<div data-elementor-type=\"wp-page\" data-elementor-id=\"3393\" class=\"elementor elementor-3393\" data-elementor-post-type=\"page\">\n\t\t\t\t<div class=\"elementor-element elementor-element-56786bbe e-flex e-con-boxed wpr-particle-no wpr-jarallax-no wpr-parallax-no wpr-sticky-section-no e-con e-parent\" data-id=\"56786bbe\" data-element_type=\"container\">\n\t\t\t\t\t<div class=\"e-con-inner\">\n\t\t\t\t<div class=\"elementor-element elementor-element-40e7f336 elementor-widget elementor-widget-text-editor\" data-id=\"40e7f336\" data-element_type=\"widget\" data-widget_type=\"text-editor.default\">\n\t\t\t\t<div class=\"elementor-widget-container\">\n\t\t\t\t\t\t\t<!-- wp:heading -->\n<h1 style=\"text-align: center;\"><span style=\"color: #000000;\">POL\u00cdTICAS DE COOKIES<\/span><\/h1>\n<h5>1. \u00bfQu\u00e9 son las cookies?<\/h5>\n<p>Las cookies son peque\u00f1os archivos de texto que se almacenan en tu dispositivo (ordenador, tablet o m\u00f3vil) cuando visitas un sitio web. Estas cookies permiten que el sitio web reconozca tu dispositivo y recopile informaci\u00f3n sobre tus preferencias y h\u00e1bitos de navegaci\u00f3n.<\/p>\n<h5>2. \u00bfPor qu\u00e9 utilizamos cookies?<\/h5>\n<p>En Reavid, utilizamos cookies para:<\/p>\n<p>Mejorar la experiencia del usuario: Personalizar el contenido y los anuncios.<\/p>\n<p>Analizar el tr\u00e1fico del sitio web: Entender c\u00f3mo los usuarios interact\u00faan con nuestro sitio.<\/p>\n<p>Ofrecer funciones de redes sociales: Permitir compartir contenido en redes sociales.<\/p>\n<h5>3. Tipos de cookies que utilizamos<\/h5>\n<p>Cookies esenciales: Son necesarias para el funcionamiento del sitio web.<\/p>\n<p>Cookies de rendimiento: Recopilan informaci\u00f3n sobre c\u00f3mo los visitantes utilizan el sitio.<\/p>\n<p>Cookies de funcionalidad: Permiten recordar las elecciones que haces y personalizar el contenido.<\/p>\n<h5>4. Gesti\u00f3n de cookies<\/h5>\n<p>Puedes gestionar tus preferencias de cookies a trav\u00e9s de la configuraci\u00f3n de tu navegador. La mayor\u00eda de los navegadores permiten controlar las cookies a trav\u00e9s de sus configuraciones de privacidad. Si decides desactivar las cookies, es posible que algunas funciones de nuestro sitio no est\u00e9n disponibles.<\/p>\n<h5>5. Cambios en nuestra pol\u00edtica de cookies<\/h5>\n<p>Nos reservamos el derecho de actualizar esta pol\u00edtica de cookies en cualquier momento. Te recomendamos que revises esta p\u00e1gina peri\u00f3dicamente para estar informado sobre c\u00f3mo utilizamos las cookies.<\/p>\n<h5>6. Contacto<\/h5>\n<p>Si tienes preguntas sobre nuestra pol\u00edtica de cookies, no dudes en contactarnos a trav\u00e9s de los canales disponibles en nuestro sitio web.<\/p>\t\t\t\t\t\t<\/div>\n\t\t\t\t<\/div>\n\t\t\t\t\t<\/div>\n\t\t\t\t<\/div>\n\t\t\t\t<\/div>\n\t\t","protected":false},"excerpt":{"rendered":"<p>POL\u00cdTICAS DE COOKIES 1. \u00bfQu\u00e9 son las cookies? Las cookies son peque\u00f1os archivos de texto que se almacenan en tu dispositivo (ordenador, tablet o m\u00f3vil) cuando visitas un sitio web. Estas cookies permiten que el sitio web reconozca tu dispositivo y recopile informaci\u00f3n sobre tus preferencias y h\u00e1bitos de navegaci\u00f3n. 2. \u00bfPor qu\u00e9 utilizamos cookies? En Reavid, utilizamos cookies para: Mejorar la experiencia del usuario: Personalizar el contenido y los anuncios. Analizar el tr\u00e1fico del sitio web: Entender c\u00f3mo los usuarios interact\u00faan con nuestro sitio. Ofrecer funciones de redes sociales: Permitir compartir contenido en redes sociales. 3. Tipos de cookies que utilizamos Cookies esenciales: Son necesarias para el funcionamiento del sitio web. Cookies de rendimiento: Recopilan informaci\u00f3n sobre c\u00f3mo los visitantes utilizan el sitio. Cookies de funcionalidad: Permiten recordar las elecciones que haces y personalizar el contenido. 4. Gesti\u00f3n de cookies Puedes gestionar tus preferencias de cookies a trav\u00e9s de la configuraci\u00f3n de tu navegador. La mayor\u00eda de los navegadores permiten controlar las cookies a trav\u00e9s de sus configuraciones de privacidad. Si decides desactivar las cookies, es posible que algunas funciones de nuestro sitio no est\u00e9n disponibles. 5. Cambios en nuestra pol\u00edtica de cookies Nos reservamos el derecho de actualizar esta pol\u00edtica de cookies en cualquier momento. Te recomendamos que revises esta p\u00e1gina peri\u00f3dicamente para estar informado sobre c\u00f3mo utilizamos las cookies. 6. Contacto Si tienes preguntas sobre nuestra pol\u00edtica de cookies, no dudes en contactarnos a trav\u00e9s de los canales disponibles en nuestro sitio web.<\/p>\n","protected":false},"author":1,"featured_media":0,"parent":0,"menu_order":0,"comment_status":"closed","ping_status":"closed","template":"elementor_canvas","meta":{"_acf_changed":false,"footnotes":""},"class_list":["post-3393","page","type-page","status-publish","hentry"],"acf":[],"yoast_head":"<!-- This site is optimized with the Yoast SEO plugin v24.0 - https:\/\/yoast.com\/wordpress\/plugins\/seo\/ -->\n<title>POLITICAS DE COOKIES - REAVID<\/title>\n<meta name=\"robots\" content=\"index, follow, max-snippet:-1, max-image-preview:large, max-video-preview:-1\" \/>\n<link rel=\"canonical\" href=\"https:\/\/reavid.es\/index.php\/politicas-de-cookies\/\" \/>\n<meta property=\"og:locale\" content=\"es_ES\" \/>\n<meta property=\"og:type\" content=\"article\" \/>\n<meta property=\"og:title\" content=\"POLITICAS DE COOKIES - REAVID\" \/>\n<meta property=\"og:description\" content=\"POL\u00cdTICAS DE COOKIES 1. \u00bfQu\u00e9 son las cookies? Las cookies son peque\u00f1os archivos de texto que se almacenan en tu dispositivo (ordenador, tablet o m\u00f3vil) cuando visitas un sitio web. Estas cookies permiten que el sitio web reconozca tu dispositivo y recopile informaci\u00f3n sobre tus preferencias y h\u00e1bitos de navegaci\u00f3n. 2. \u00bfPor qu\u00e9 utilizamos cookies? En Reavid, utilizamos cookies para: Mejorar la experiencia del usuario: Personalizar el contenido y los anuncios. Analizar el tr\u00e1fico del sitio web: Entender c\u00f3mo los usuarios interact\u00faan con nuestro sitio. Ofrecer funciones de redes sociales: Permitir compartir contenido en redes sociales. 3. Tipos de cookies que utilizamos Cookies esenciales: Son necesarias para el funcionamiento del sitio web. Cookies de rendimiento: Recopilan informaci\u00f3n sobre c\u00f3mo los visitantes utilizan el sitio. Cookies de funcionalidad: Permiten recordar las elecciones que haces y personalizar el contenido. 4. Gesti\u00f3n de cookies Puedes gestionar tus preferencias de cookies a trav\u00e9s de la configuraci\u00f3n de tu navegador. La mayor\u00eda de los navegadores permiten controlar las cookies a trav\u00e9s de sus configuraciones de privacidad. Si decides desactivar las cookies, es posible que algunas funciones de nuestro sitio no est\u00e9n disponibles. 5. Cambios en nuestra pol\u00edtica de cookies Nos reservamos el derecho de actualizar esta pol\u00edtica de cookies en cualquier momento. Te recomendamos que revises esta p\u00e1gina peri\u00f3dicamente para estar informado sobre c\u00f3mo utilizamos las cookies. 6. Contacto Si tienes preguntas sobre nuestra pol\u00edtica de cookies, no dudes en contactarnos a trav\u00e9s de los canales disponibles en nuestro sitio web.\" \/>\n<meta property=\"og:url\" content=\"https:\/\/reavid.es\/index.php\/politicas-de-cookies\/\" \/>\n<meta property=\"og:site_name\" content=\"REAVID\" \/>\n<meta property=\"article:modified_time\" content=\"2025-02-22T02:45:37+00:00\" \/>\n<meta name=\"twitter:card\" content=\"summary_large_image\" \/>\n<meta name=\"twitter:label1\" content=\"Tiempo de lectura\" \/>\n\t<meta name=\"twitter:data1\" content=\"1 minuto\" \/>\n<script type=\"application\/ld+json\" class=\"yoast-schema-graph\">{\"@context\":\"https:\/\/schema.org\",\"@graph\":[{\"@type\":\"WebPage\",\"@id\":\"https:\/\/reavid.es\/index.php\/politicas-de-cookies\/\",\"url\":\"https:\/\/reavid.es\/index.php\/politicas-de-cookies\/\",\"name\":\"POLITICAS DE COOKIES - REAVID\",\"isPartOf\":{\"@id\":\"https:\/\/reavid.es\/#website\"},\"datePublished\":\"2025-02-19T22:45:28+00:00\",\"dateModified\":\"2025-02-22T02:45:37+00:00\",\"breadcrumb\":{\"@id\":\"https:\/\/reavid.es\/index.php\/politicas-de-cookies\/#breadcrumb\"},\"inLanguage\":\"es\",\"potentialAction\":[{\"@type\":\"ReadAction\",\"target\":[\"https:\/\/reavid.es\/index.php\/politicas-de-cookies\/\"]}]},{\"@type\":\"BreadcrumbList\",\"@id\":\"https:\/\/reavid.es\/index.php\/politicas-de-cookies\/#breadcrumb\",\"itemListElement\":[{\"@type\":\"ListItem\",\"position\":1,\"name\":\"Portada\",\"item\":\"https:\/\/reavid.es\/\"},{\"@type\":\"ListItem\",\"position\":2,\"name\":\"POLITICAS DE COOKIES\"}]},{\"@type\":\"WebSite\",\"@id\":\"https:\/\/reavid.es\/#website\",\"url\":\"https:\/\/reavid.es\/\",\"name\":\"REAVID\",\"description\":\"\",\"publisher\":{\"@id\":\"https:\/\/reavid.es\/#organization\"},\"potentialAction\":[{\"@type\":\"SearchAction\",\"target\":{\"@type\":\"EntryPoint\",\"urlTemplate\":\"https:\/\/reavid.es\/?s={search_term_string}\"},\"query-input\":{\"@type\":\"PropertyValueSpecification\",\"valueRequired\":true,\"valueName\":\"search_term_string\"}}],\"inLanguage\":\"es\"},{\"@type\":\"Organization\",\"@id\":\"https:\/\/reavid.es\/#organization\",\"name\":\"REAVID\",\"url\":\"https:\/\/reavid.es\/\",\"logo\":{\"@type\":\"ImageObject\",\"inLanguage\":\"es\",\"@id\":\"https:\/\/reavid.es\/#\/schema\/logo\/image\/\",\"url\":\"https:\/\/reavid.es\/wp-content\/uploads\/2022\/06\/cropped-logoReavidHeader.png\",\"contentUrl\":\"https:\/\/reavid.es\/wp-content\/uploads\/2022\/06\/cropped-logoReavidHeader.png\",\"width\":450,\"height\":162,\"caption\":\"REAVID\"},\"image\":{\"@id\":\"https:\/\/reavid.es\/#\/schema\/logo\/image\/\"}}]}<\/script>\n<!-- \/ Yoast SEO plugin. -->","yoast_head_json":{"title":"POLITICAS DE COOKIES - REAVID","robots":{"index":"index","follow":"follow","max-snippet":"max-snippet:-1","max-image-preview":"max-image-preview:large","max-video-preview":"max-video-preview:-1"},"canonical":"https:\/\/reavid.es\/index.php\/politicas-de-cookies\/","og_locale":"es_ES","og_type":"article","og_title":"POLITICAS DE COOKIES - REAVID","og_description":"POL\u00cdTICAS DE COOKIES 1. \u00bfQu\u00e9 son las cookies? Las cookies son peque\u00f1os archivos de texto que se almacenan en tu dispositivo (ordenador, tablet o m\u00f3vil) cuando visitas un sitio web. Estas cookies permiten que el sitio web reconozca tu dispositivo y recopile informaci\u00f3n sobre tus preferencias y h\u00e1bitos de navegaci\u00f3n. 2. \u00bfPor qu\u00e9 utilizamos cookies? En Reavid, utilizamos cookies para: Mejorar la experiencia del usuario: Personalizar el contenido y los anuncios. Analizar el tr\u00e1fico del sitio web: Entender c\u00f3mo los usuarios interact\u00faan con nuestro sitio. Ofrecer funciones de redes sociales: Permitir compartir contenido en redes sociales. 3. Tipos de cookies que utilizamos Cookies esenciales: Son necesarias para el funcionamiento del sitio web. Cookies de rendimiento: Recopilan informaci\u00f3n sobre c\u00f3mo los visitantes utilizan el sitio. Cookies de funcionalidad: Permiten recordar las elecciones que haces y personalizar el contenido. 4. Gesti\u00f3n de cookies Puedes gestionar tus preferencias de cookies a trav\u00e9s de la configuraci\u00f3n de tu navegador. La mayor\u00eda de los navegadores permiten controlar las cookies a trav\u00e9s de sus configuraciones de privacidad. Si decides desactivar las cookies, es posible que algunas funciones de nuestro sitio no est\u00e9n disponibles. 5. Cambios en nuestra pol\u00edtica de cookies Nos reservamos el derecho de actualizar esta pol\u00edtica de cookies en cualquier momento. Te recomendamos que revises esta p\u00e1gina peri\u00f3dicamente para estar informado sobre c\u00f3mo utilizamos las cookies. 6. Contacto Si tienes preguntas sobre nuestra pol\u00edtica de cookies, no dudes en contactarnos a trav\u00e9s de los canales disponibles en nuestro sitio web.","og_url":"https:\/\/reavid.es\/index.php\/politicas-de-cookies\/","og_site_name":"REAVID","article_modified_time":"2025-02-22T02:45:37+00:00","twitter_card":"summary_large_image","twitter_misc":{"Tiempo de lectura":"1 minuto"},"schema":{"@context":"https:\/\/schema.org","@graph":[{"@type":"WebPage","@id":"https:\/\/reavid.es\/index.php\/politicas-de-cookies\/","url":"https:\/\/reavid.es\/index.php\/politicas-de-cookies\/","name":"POLITICAS DE COOKIES - REAVID","isPartOf":{"@id":"https:\/\/reavid.es\/#website"},"datePublished":"2025-02-19T22:45:28+00:00","dateModified":"2025-02-22T02:45:37+00:00","breadcrumb":{"@id":"https:\/\/reavid.es\/index.php\/politicas-de-cookies\/#breadcrumb"},"inLanguage":"es","potentialAction":[{"@type":"ReadAction","target":["https:\/\/reavid.es\/index.php\/politicas-de-cookies\/"]}]},{"@type":"BreadcrumbList","@id":"https:\/\/reavid.es\/index.php\/politicas-de-cookies\/#breadcrumb","itemListElement":[{"@type":"ListItem","position":1,"name":"Portada","item":"https:\/\/reavid.es\/"},{"@type":"ListItem","position":2,"name":"POLITICAS DE COOKIES"}]},{"@type":"WebSite","@id":"https:\/\/reavid.es\/#website","url":"https:\/\/reavid.es\/","name":"REAVID","description":"","publisher":{"@id":"https:\/\/reavid.es\/#organization"},"potentialAction":[{"@type":"SearchAction","target":{"@type":"EntryPoint","urlTemplate":"https:\/\/reavid.es\/?s={search_term_string}"},"query-input":{"@type":"PropertyValueSpecification","valueRequired":true,"valueName":"search_term_string"}}],"inLanguage":"es"},{"@type":"Organization","@id":"https:\/\/reavid.es\/#organization","name":"REAVID","url":"https:\/\/reavid.es\/","logo":{"@type":"ImageObject","inLanguage":"es","@id":"https:\/\/reavid.es\/#\/schema\/logo\/image\/","url":"https:\/\/reavid.es\/wp-content\/uploads\/2022\/06\/cropped-logoReavidHeader.png","contentUrl":"https:\/\/reavid.es\/wp-content\/uploads\/2022\/06\/cropped-logoReavidHeader.png","width":450,"height":162,"caption":"REAVID"},"image":{"@id":"https:\/\/reavid.es\/#\/schema\/logo\/image\/"}}]}},"jetpack_sharing_enabled":true,"amp_enabled":false,"_links":{"self":[{"href":"https:\/\/reavid.es\/index.php\/wp-json\/wp\/v2\/pages\/3393","targetHints":{"allow":["GET"]}}],"collection":[{"href":"https:\/\/reavid.es\/index.php\/wp-json\/wp\/v2\/pages"}],"about":[{"href":"https:\/\/reavid.es\/index.php\/wp-json\/wp\/v2\/types\/page"}],"author":[{"embeddable":true,"href":"https:\/\/reavid.es\/index.php\/wp-json\/wp\/v2\/users\/1"}],"replies":[{"embeddable":true,"href":"https:\/\/reavid.es\/index.php\/wp-json\/wp\/v2\/comments?post=3393"}],"version-history":[{"count":0,"href":"https:\/\/reavid.es\/index.php\/wp-json\/wp\/v2\/pages\/3393\/revisions"}],"wp:attachment":[{"href":"https:\/\/reavid.es\/index.php\/wp-json\/wp\/v2\/media?parent=3393"}],"curies":[{"name":"wp","href":"https:\/\/api.w.org\/{rel}","templated":true}]}}