{"id":3108,"date":"2025-02-04T21:17:49","date_gmt":"2025-02-04T21:17:49","guid":{"rendered":"https:\/\/reavid.es\/index.php\/password-reset\/"},"modified":"2025-02-19T15:14:54","modified_gmt":"2025-02-19T15:14:54","slug":"password-reset","status":"publish","type":"page","link":"https:\/\/reavid.es\/index.php\/password-reset\/","title":{"rendered":"RESTABLECER CONTRASE\u00d1A"},"content":{"rendered":"\n<div class=\"um um-password um-um_password_id\">\n\t<div class=\"um-form\">\n\t\t<form method=\"post\" action=\"\">\n\t\t\t\n\t\t\t\t<input type=\"hidden\" name=\"_um_password_reset\" id=\"_um_password_reset\" value=\"1\" \/>\n\n\t\t\t\t\t\t\t\t\t<div class=\"um-field um-field-block um-field-type_block\">\n\t\t\t\t\t\t<div class=\"um-field-block\">\n\t\t\t\t\t\t\t<div style=\"text-align:center;\">\n\t\t\t\t\t\t\t\tPara restablecer tu contrase\u00f1a, por favor, introduce a continuaci\u00f3n tu direcci\u00f3n de correo electr\u00f3nico o nombre de usuario.\t\t\t\t\t\t\t<\/div>\n\t\t\t\t\t\t<\/div>\n\t\t\t\t\t<\/div>\n\t\t\t\t<div  id=\"um_field_0_username_b\" class=\"um-field um-field-text  um-field-username_b um-field-text um-field-type_text\" data-key=\"username_b\"><div class=\"um-field-area\"><input  autocomplete=\"off\" class=\"um-form-field valid \" type=\"text\" name=\"username_b\" id=\"username_b\" value=\"\" placeholder=\"Introduce tu nombre de usuario o correo electr\u00f3nico\" data-validate=\"\" data-key=\"username_b\"  aria-invalid=\"false\" \/>\n\n\t\t\t\t\t\t<\/div><\/div>\n\t\t\t\t<div class=\"um-col-alt um-col-alt-b\">\n\n\t\t\t\t\t<div class=\"um-center\">\n\t\t\t\t\t\t<input type=\"submit\" value=\"Restablecer contrase\u00f1a\" class=\"um-button\" id=\"um-submit-btn\" \/>\n\t\t\t\t\t<\/div>\n\n\t\t\t\t\t<div class=\"um-clear\"><\/div>\n\n\t\t\t\t<\/div>\n\n\t\t\t\t\t\t<input type=\"hidden\" name=\"form_id\" id=\"form_id_um_password_id\" value=\"um_password_id\" \/>\n\t\n\t<p class=\"um_request_name\">\n\t\t<label for=\"um_request_um_password_id\">Only fill in if you are not human<\/label>\n\t\t<input type=\"hidden\" name=\"um_request\" id=\"um_request_um_password_id\" class=\"input\" value=\"\" size=\"25\" autocomplete=\"off\" \/>\n\t<\/p>\n\n\t\t\t<\/form>\n\t<\/div>\n<\/div>\n<style>\n\t\t\t.um-um_password_id.um {\n\t\t\tmax-width: 450px;\n\t\t}\n\t\t<\/style>\n\n","protected":false},"excerpt":{"rendered":"","protected":false},"author":1,"featured_media":0,"parent":0,"menu_order":0,"comment_status":"closed","ping_status":"closed","template":"elementor_canvas","meta":{"_acf_changed":false,"footnotes":""},"class_list":["post-3108","page","type-page","status-publish","hentry"],"acf":[],"yoast_head":"<!-- This site is optimized with the Yoast SEO plugin v24.0 - https:\/\/yoast.com\/wordpress\/plugins\/seo\/ -->\n<title>RESTABLECER CONTRASE\u00d1A - REAVID<\/title>\n<meta name=\"robots\" content=\"index, follow, max-snippet:-1, max-image-preview:large, max-video-preview:-1\" \/>\n<link rel=\"canonical\" href=\"https:\/\/reavid.es\/index.php\/password-reset\/\" \/>\n<meta property=\"og:locale\" content=\"es_ES\" \/>\n<meta property=\"og:type\" content=\"article\" \/>\n<meta property=\"og:title\" content=\"RESTABLECER CONTRASE\u00d1A - REAVID\" \/>\n<meta property=\"og:url\" content=\"https:\/\/reavid.es\/index.php\/password-reset\/\" \/>\n<meta property=\"og:site_name\" content=\"REAVID\" \/>\n<meta property=\"article:modified_time\" content=\"2025-02-19T15:14:54+00:00\" \/>\n<meta name=\"twitter:card\" content=\"summary_large_image\" \/>\n<script type=\"application\/ld+json\" class=\"yoast-schema-graph\">{\"@context\":\"https:\/\/schema.org\",\"@graph\":[{\"@type\":\"WebPage\",\"@id\":\"https:\/\/reavid.es\/index.php\/password-reset\/\",\"url\":\"https:\/\/reavid.es\/index.php\/password-reset\/\",\"name\":\"RESTABLECER CONTRASE\u00d1A - REAVID\",\"isPartOf\":{\"@id\":\"https:\/\/reavid.es\/#website\"},\"datePublished\":\"2025-02-04T21:17:49+00:00\",\"dateModified\":\"2025-02-19T15:14:54+00:00\",\"breadcrumb\":{\"@id\":\"https:\/\/reavid.es\/index.php\/password-reset\/#breadcrumb\"},\"inLanguage\":\"es\",\"potentialAction\":[{\"@type\":\"ReadAction\",\"target\":[\"https:\/\/reavid.es\/index.php\/password-reset\/\"]}]},{\"@type\":\"BreadcrumbList\",\"@id\":\"https:\/\/reavid.es\/index.php\/password-reset\/#breadcrumb\",\"itemListElement\":[{\"@type\":\"ListItem\",\"position\":1,\"name\":\"Portada\",\"item\":\"https:\/\/reavid.es\/\"},{\"@type\":\"ListItem\",\"position\":2,\"name\":\"RESTABLECER CONTRASE\u00d1A\"}]},{\"@type\":\"WebSite\",\"@id\":\"https:\/\/reavid.es\/#website\",\"url\":\"https:\/\/reavid.es\/\",\"name\":\"REAVID\",\"description\":\"\",\"publisher\":{\"@id\":\"https:\/\/reavid.es\/#organization\"},\"potentialAction\":[{\"@type\":\"SearchAction\",\"target\":{\"@type\":\"EntryPoint\",\"urlTemplate\":\"https:\/\/reavid.es\/?s={search_term_string}\"},\"query-input\":{\"@type\":\"PropertyValueSpecification\",\"valueRequired\":true,\"valueName\":\"search_term_string\"}}],\"inLanguage\":\"es\"},{\"@type\":\"Organization\",\"@id\":\"https:\/\/reavid.es\/#organization\",\"name\":\"REAVID\",\"url\":\"https:\/\/reavid.es\/\",\"logo\":{\"@type\":\"ImageObject\",\"inLanguage\":\"es\",\"@id\":\"https:\/\/reavid.es\/#\/schema\/logo\/image\/\",\"url\":\"https:\/\/reavid.es\/wp-content\/uploads\/2022\/06\/cropped-logoReavidHeader.png\",\"contentUrl\":\"https:\/\/reavid.es\/wp-content\/uploads\/2022\/06\/cropped-logoReavidHeader.png\",\"width\":450,\"height\":162,\"caption\":\"REAVID\"},\"image\":{\"@id\":\"https:\/\/reavid.es\/#\/schema\/logo\/image\/\"}}]}<\/script>\n<!-- \/ Yoast SEO plugin. -->","yoast_head_json":{"title":"RESTABLECER CONTRASE\u00d1A - REAVID","robots":{"index":"index","follow":"follow","max-snippet":"max-snippet:-1","max-image-preview":"max-image-preview:large","max-video-preview":"max-video-preview:-1"},"canonical":"https:\/\/reavid.es\/index.php\/password-reset\/","og_locale":"es_ES","og_type":"article","og_title":"RESTABLECER CONTRASE\u00d1A - REAVID","og_url":"https:\/\/reavid.es\/index.php\/password-reset\/","og_site_name":"REAVID","article_modified_time":"2025-02-19T15:14:54+00:00","twitter_card":"summary_large_image","schema":{"@context":"https:\/\/schema.org","@graph":[{"@type":"WebPage","@id":"https:\/\/reavid.es\/index.php\/password-reset\/","url":"https:\/\/reavid.es\/index.php\/password-reset\/","name":"RESTABLECER CONTRASE\u00d1A - REAVID","isPartOf":{"@id":"https:\/\/reavid.es\/#website"},"datePublished":"2025-02-04T21:17:49+00:00","dateModified":"2025-02-19T15:14:54+00:00","breadcrumb":{"@id":"https:\/\/reavid.es\/index.php\/password-reset\/#breadcrumb"},"inLanguage":"es","potentialAction":[{"@type":"ReadAction","target":["https:\/\/reavid.es\/index.php\/password-reset\/"]}]},{"@type":"BreadcrumbList","@id":"https:\/\/reavid.es\/index.php\/password-reset\/#breadcrumb","itemListElement":[{"@type":"ListItem","position":1,"name":"Portada","item":"https:\/\/reavid.es\/"},{"@type":"ListItem","position":2,"name":"RESTABLECER CONTRASE\u00d1A"}]},{"@type":"WebSite","@id":"https:\/\/reavid.es\/#website","url":"https:\/\/reavid.es\/","name":"REAVID","description":"","publisher":{"@id":"https:\/\/reavid.es\/#organization"},"potentialAction":[{"@type":"SearchAction","target":{"@type":"EntryPoint","urlTemplate":"https:\/\/reavid.es\/?s={search_term_string}"},"query-input":{"@type":"PropertyValueSpecification","valueRequired":true,"valueName":"search_term_string"}}],"inLanguage":"es"},{"@type":"Organization","@id":"https:\/\/reavid.es\/#organization","name":"REAVID","url":"https:\/\/reavid.es\/","logo":{"@type":"ImageObject","inLanguage":"es","@id":"https:\/\/reavid.es\/#\/schema\/logo\/image\/","url":"https:\/\/reavid.es\/wp-content\/uploads\/2022\/06\/cropped-logoReavidHeader.png","contentUrl":"https:\/\/reavid.es\/wp-content\/uploads\/2022\/06\/cropped-logoReavidHeader.png","width":450,"height":162,"caption":"REAVID"},"image":{"@id":"https:\/\/reavid.es\/#\/schema\/logo\/image\/"}}]}},"jetpack_sharing_enabled":true,"amp_enabled":false,"_links":{"self":[{"href":"https:\/\/reavid.es\/index.php\/wp-json\/wp\/v2\/pages\/3108","targetHints":{"allow":["GET"]}}],"collection":[{"href":"https:\/\/reavid.es\/index.php\/wp-json\/wp\/v2\/pages"}],"about":[{"href":"https:\/\/reavid.es\/index.php\/wp-json\/wp\/v2\/types\/page"}],"author":[{"embeddable":true,"href":"https:\/\/reavid.es\/index.php\/wp-json\/wp\/v2\/users\/1"}],"replies":[{"embeddable":true,"href":"https:\/\/reavid.es\/index.php\/wp-json\/wp\/v2\/comments?post=3108"}],"version-history":[{"count":0,"href":"https:\/\/reavid.es\/index.php\/wp-json\/wp\/v2\/pages\/3108\/revisions"}],"wp:attachment":[{"href":"https:\/\/reavid.es\/index.php\/wp-json\/wp\/v2\/media?parent=3108"}],"curies":[{"name":"wp","href":"https:\/\/api.w.org\/{rel}","templated":true}]}}